{"id":62,"date":"2024-03-24T14:55:55","date_gmt":"2024-03-24T17:55:55","guid":{"rendered":"https:\/\/festivalpopdeteatro.com.br\/ouropreto\/?page_id=62"},"modified":"2024-03-24T15:26:39","modified_gmt":"2024-03-24T18:26:39","slug":"programacao","status":"publish","type":"page","link":"https:\/\/festivalpopdeteatro.com.br\/ouropreto\/programacao\/","title":{"rendered":"Programa\u00e7\u00e3o"},"content":{"rendered":"\t\t<div data-elementor-type=\"wp-page\" data-elementor-id=\"62\" class=\"elementor elementor-62\">\n\t\t\t\t<div class=\"elementor-element elementor-element-8046ada e-flex e-con-boxed e-con e-parent\" data-id=\"8046ada\" data-element_type=\"container\">\n\t\t\t\t\t<div class=\"e-con-inner\">\n\t\t\t\t<div class=\"elementor-element elementor-element-dbc2832 elementor-widget elementor-widget-image\" data-id=\"dbc2832\" data-element_type=\"widget\" data-widget_type=\"image.default\">\n\t\t\t\t<div class=\"elementor-widget-container\">\n\t\t\t<style>\/*! elementor - v3.22.0 - 26-06-2024 *\/\n.elementor-widget-image{text-align:center}.elementor-widget-image a{display:inline-block}.elementor-widget-image a img[src$=\".svg\"]{width:48px}.elementor-widget-image img{vertical-align:middle;display:inline-block}<\/style>\t\t\t\t\t\t\t\t\t\t\t<a href=\"https:\/\/festivalpopdeteatro.com.br\/ouropreto\/\">\n\t\t\t\t\t\t\t<img fetchpriority=\"high\" decoding=\"async\" width=\"300\" height=\"247\" src=\"https:\/\/festivalpopdeteatro.com.br\/ouropreto\/wp-content\/uploads\/2024\/03\/logo-festival-pop-teatro-300x247.png\" class=\"attachment-medium size-medium wp-image-65\" alt=\"Festival de Populariza\u00e7\u00e3o do Teatro de Ouro Preto\" srcset=\"https:\/\/festivalpopdeteatro.com.br\/ouropreto\/wp-content\/uploads\/2024\/03\/logo-festival-pop-teatro-300x247.png 300w, https:\/\/festivalpopdeteatro.com.br\/ouropreto\/wp-content\/uploads\/2024\/03\/logo-festival-pop-teatro-768x633.png 768w, https:\/\/festivalpopdeteatro.com.br\/ouropreto\/wp-content\/uploads\/2024\/03\/logo-festival-pop-teatro.png 890w\" sizes=\"(max-width: 300px) 100vw, 300px\" \/>\t\t\t\t\t\t\t\t<\/a>\n\t\t\t\t\t\t\t\t\t\t\t\t\t<\/div>\n\t\t\t\t<\/div>\n\t\t\t\t\t<\/div>\n\t\t\t\t<\/div>\n\t\t\t\t<section class=\"elementor-section elementor-top-section elementor-element elementor-element-d7eee4b elementor-section-boxed elementor-section-height-default elementor-section-height-default\" data-id=\"d7eee4b\" data-element_type=\"section\" data-settings=\"{&quot;background_background&quot;:&quot;classic&quot;}\">\n\t\t\t\t\t\t<div class=\"elementor-container elementor-column-gap-default\">\n\t\t\t\t\t<div class=\"elementor-column elementor-col-100 elementor-top-column elementor-element elementor-element-602f19ed\" data-id=\"602f19ed\" data-element_type=\"column\">\n\t\t\t<div class=\"elementor-widget-wrap elementor-element-populated\">\n\t\t\t\t\t\t<div class=\"elementor-element elementor-element-55aadbdb elementor-widget elementor-widget-heading\" data-id=\"55aadbdb\" data-element_type=\"widget\" data-widget_type=\"heading.default\">\n\t\t\t\t<div class=\"elementor-widget-container\">\n\t\t\t<style>\/*! elementor - v3.22.0 - 26-06-2024 *\/\n.elementor-heading-title{padding:0;margin:0;line-height:1}.elementor-widget-heading .elementor-heading-title[class*=elementor-size-]>a{color:inherit;font-size:inherit;line-height:inherit}.elementor-widget-heading .elementor-heading-title.elementor-size-small{font-size:15px}.elementor-widget-heading .elementor-heading-title.elementor-size-medium{font-size:19px}.elementor-widget-heading .elementor-heading-title.elementor-size-large{font-size:29px}.elementor-widget-heading .elementor-heading-title.elementor-size-xl{font-size:39px}.elementor-widget-heading .elementor-heading-title.elementor-size-xxl{font-size:59px}<\/style><h2 class=\"elementor-heading-title elementor-size-default\">PROGRAMA\u00c7\u00c3O<\/h2>\t\t<\/div>\n\t\t\t\t<\/div>\n\t\t\t\t<div class=\"elementor-element elementor-element-9f1851d elementor-widget elementor-widget-heading\" data-id=\"9f1851d\" data-element_type=\"widget\" data-widget_type=\"heading.default\">\n\t\t\t\t<div class=\"elementor-widget-container\">\n\t\t\t<h4 class=\"elementor-heading-title elementor-size-default\"><a href=\"https:\/\/wpkoi.com\/nataraja\/contact\/\">24 a 26 DE MAIO DE 2024<\/a><\/h4>\t\t<\/div>\n\t\t\t\t<\/div>\n\t\t\t\t\t<\/div>\n\t\t<\/div>\n\t\t\t\t\t<\/div>\n\t\t<\/section>\n\t\t\t\t<section class=\"elementor-section elementor-top-section elementor-element elementor-element-d5369ef elementor-section-boxed elementor-section-height-default elementor-section-height-default\" data-id=\"d5369ef\" data-element_type=\"section\" data-settings=\"{&quot;background_background&quot;:&quot;classic&quot;}\">\n\t\t\t\t\t\t<div class=\"elementor-container elementor-column-gap-default\">\n\t\t\t\t\t<div class=\"elementor-column elementor-col-25 elementor-top-column elementor-element elementor-element-34789c73\" data-id=\"34789c73\" data-element_type=\"column\" data-settings=\"{&quot;background_background&quot;:&quot;classic&quot;}\">\n\t\t\t<div class=\"elementor-widget-wrap elementor-element-populated\">\n\t\t\t\t\t\t<div class=\"elementor-element elementor-element-3279ec72 elementor-widget elementor-widget-heading\" data-id=\"3279ec72\" data-element_type=\"widget\" data-widget_type=\"heading.default\">\n\t\t\t\t<div class=\"elementor-widget-container\">\n\t\t\t<h4 class=\"elementor-heading-title elementor-size-default\">24 DE MAIO DE 2024<\/h4>\t\t<\/div>\n\t\t\t\t<\/div>\n\t\t\t\t<div class=\"elementor-element elementor-element-1b55e11d elementor-widget elementor-widget-text-editor\" data-id=\"1b55e11d\" data-element_type=\"widget\" data-widget_type=\"text-editor.default\">\n\t\t\t\t<div class=\"elementor-widget-container\">\n\t\t\t<style>\/*! elementor - v3.22.0 - 26-06-2024 *\/\n.elementor-widget-text-editor.elementor-drop-cap-view-stacked .elementor-drop-cap{background-color:#69727d;color:#fff}.elementor-widget-text-editor.elementor-drop-cap-view-framed .elementor-drop-cap{color:#69727d;border:3px solid;background-color:transparent}.elementor-widget-text-editor:not(.elementor-drop-cap-view-default) .elementor-drop-cap{margin-top:8px}.elementor-widget-text-editor:not(.elementor-drop-cap-view-default) .elementor-drop-cap-letter{width:1em;height:1em}.elementor-widget-text-editor .elementor-drop-cap{float:left;text-align:center;line-height:1;font-size:50px}.elementor-widget-text-editor .elementor-drop-cap-letter{display:inline-block}<\/style>\t\t\t\t<p><span style=\"font-weight: 400;\">17h00 &#8211; Coletiva com Nerso (40 anos) e Gorete (30 anos)<\/span><\/p><p><span style=\"font-weight: 400;\">17h30 &#8211; In\u00edcio entrega de ingressos \/ apresenta\u00e7\u00e3o teatro de lambe lambe<\/span><\/p><p><span style=\"font-weight: 400;\">18h00 &#8211; Cortejo Maracatrupe<\/span><\/p><p><span style=\"font-weight: 400;\">18h20 &#8211; Cortejo desce para Casa da \u00d3pera\u00a0<\/span><\/p><p><span style=\"font-weight: 400;\">18h30 &#8211; Abre portaria com apresenta\u00e7\u00e3o do Maracatrupe at\u00e9 fila entrar<\/span><\/p><p><span style=\"font-weight: 400;\">19h00 &#8211; Abertura oficial com Angelo e presidente Vale<\/span><\/p><p><span style=\"font-weight: 400;\">19h20 &#8211; Nerso\u00a0<\/span><\/p><p><span style=\"font-weight: 400;\">21h00 &#8211; Come\u00e7ar v\u00eddeo de patrocinador \/ v\u00eddeo institucional \/ locu\u00e7\u00e3o no final que espet\u00e1culo j\u00e1 vai come\u00e7ar<\/span><\/p><p><span style=\"font-weight: 400;\">21h10 &#8211; Santinha<\/span><\/p>\t\t\t\t\t\t<\/div>\n\t\t\t\t<\/div>\n\t\t\t\t<div class=\"elementor-element elementor-element-702a182d elementor-widget elementor-widget-heading\" data-id=\"702a182d\" data-element_type=\"widget\" data-widget_type=\"heading.default\">\n\t\t\t\t<div class=\"elementor-widget-container\">\n\t\t\t<h2 class=\"elementor-heading-title elementor-size-default\">24.05.2024<\/h2>\t\t<\/div>\n\t\t\t\t<\/div>\n\t\t\t\t\t<\/div>\n\t\t<\/div>\n\t\t\t\t<div class=\"elementor-column elementor-col-25 elementor-top-column elementor-element elementor-element-3cea6582\" data-id=\"3cea6582\" data-element_type=\"column\" data-settings=\"{&quot;background_background&quot;:&quot;classic&quot;}\">\n\t\t\t<div class=\"elementor-widget-wrap elementor-element-populated\">\n\t\t\t\t\t\t<div class=\"elementor-element elementor-element-157d24ed elementor-widget elementor-widget-heading\" data-id=\"157d24ed\" data-element_type=\"widget\" data-widget_type=\"heading.default\">\n\t\t\t\t<div class=\"elementor-widget-container\">\n\t\t\t<h4 class=\"elementor-heading-title elementor-size-default\">25 DE MAIO DE 2024<\/h4>\t\t<\/div>\n\t\t\t\t<\/div>\n\t\t\t\t<div class=\"elementor-element elementor-element-6f5abb3b elementor-widget elementor-widget-text-editor\" data-id=\"6f5abb3b\" data-element_type=\"widget\" data-widget_type=\"text-editor.default\">\n\t\t\t\t<div class=\"elementor-widget-container\">\n\t\t\t\t\t\t\t<p><span style=\"font-weight: 400;\">17h00 &#8211; Banda Alto da Cruz (cortejo saindo do f\u00f3rum subindo pro teatro)<\/span><\/p><p><span style=\"font-weight: 400;\">17h00 &#8211; Banda Alto da Cruz (cortejo saindo do f\u00f3rum subindo pro teatro)<\/span><\/p><p><span style=\"font-weight: 400;\">18h00 &#8211; Grupo ID feat Banda Rodrigo Silva<\/span><\/p><p><span style=\"font-weight: 400;\">19h00 &#8211; Come\u00e7ar v\u00eddeo de patrocinador \/ v\u00eddeo institucional \/ locu\u00e7\u00e3o no final que espet\u00e1culo j\u00e1 vai come\u00e7ar<\/span><\/p><p><span style=\"font-weight: 400;\">19h05 &#8211; Rei Le\u00e3o<\/span><\/p><p><span style=\"font-weight: 400;\">19h30 &#8211; In\u00edcio entrega de ingressos\u00a0<\/span><\/p><p><span style=\"font-weight: 400;\">20h30 &#8211; Abre portaria com apresenta\u00e7\u00e3o\u00a0<\/span><\/p><p><span style=\"font-weight: 400;\">21h00 &#8211; Locu\u00e7\u00e3o que espet\u00e1culo j\u00e1 vai come\u00e7ar<\/span><\/p><p><span style=\"font-weight: 400;\">21h10 &#8211; Filomena<\/span><\/p>\t\t\t\t\t\t<\/div>\n\t\t\t\t<\/div>\n\t\t\t\t<div class=\"elementor-element elementor-element-7fff2d5e elementor-widget elementor-widget-heading\" data-id=\"7fff2d5e\" data-element_type=\"widget\" data-widget_type=\"heading.default\">\n\t\t\t\t<div class=\"elementor-widget-container\">\n\t\t\t<h2 class=\"elementor-heading-title elementor-size-default\">25.05.2024<\/h2>\t\t<\/div>\n\t\t\t\t<\/div>\n\t\t\t\t\t<\/div>\n\t\t<\/div>\n\t\t\t\t<div class=\"elementor-column elementor-col-25 elementor-top-column elementor-element elementor-element-2e157d60\" data-id=\"2e157d60\" data-element_type=\"column\" data-settings=\"{&quot;background_background&quot;:&quot;classic&quot;}\">\n\t\t\t<div class=\"elementor-widget-wrap elementor-element-populated\">\n\t\t\t\t\t\t<div class=\"elementor-element elementor-element-737f180d elementor-widget elementor-widget-heading\" data-id=\"737f180d\" data-element_type=\"widget\" data-widget_type=\"heading.default\">\n\t\t\t\t<div class=\"elementor-widget-container\">\n\t\t\t<h4 class=\"elementor-heading-title elementor-size-default\">26 de maio de 2024<\/h4>\t\t<\/div>\n\t\t\t\t<\/div>\n\t\t\t\t<div class=\"elementor-element elementor-element-3da757eb elementor-widget elementor-widget-text-editor\" data-id=\"3da757eb\" data-element_type=\"widget\" data-widget_type=\"text-editor.default\">\n\t\t\t\t<div class=\"elementor-widget-container\">\n\t\t\t\t\t\t\t<span style=\"font-weight: 400;\">14h00 &#8211; In\u00edcio entrega de ingressos na portaria da Casa da \u00d3pera<\/span>\n\n<span style=\"font-weight: 400;\">14h00 &#8211; Apresenta\u00e7\u00e3o teatro de lambe lambe<\/span>\n\n<span style=\"font-weight: 400;\">15h30 &#8211; Aquecimento Cortejo Osquind\u00f4 na Pra\u00e7a Tiradentes<\/span>\n\n<span style=\"font-weight: 400;\">15h50 &#8211; Cortejo desce para Casa da \u00d3pera\u00a0<\/span>\n\n<span style=\"font-weight: 400;\">16h30 &#8211; Palco interno &#8211; O M\u00e1gico de Oz\u00a0 (Cia Divertidamente) &#8211; Classifica\u00e7\u00e3o livre<\/span>\n\n<span style=\"font-weight: 400;\">19h10 &#8211; Palco externo &#8211; Hermanoteu na Terra de Godah (Cia Os Melhores do Mundo)\u00a0 &#8211; Classifica\u00e7\u00e3o livre<\/span>\n\n<span style=\"font-weight: 400;\">21h00 &#8211; Banda do Alto da Cruz em frente \u00e0 Igreja do Carmo<\/span>\n\n<br style=\"font-weight: 400;\" \/><br style=\"font-weight: 400;\" \/>\t\t\t\t\t\t<\/div>\n\t\t\t\t<\/div>\n\t\t\t\t<div class=\"elementor-element elementor-element-5230184f elementor-widget elementor-widget-heading\" data-id=\"5230184f\" data-element_type=\"widget\" data-widget_type=\"heading.default\">\n\t\t\t\t<div class=\"elementor-widget-container\">\n\t\t\t<h2 class=\"elementor-heading-title elementor-size-default\">26.05.2024<\/h2>\t\t<\/div>\n\t\t\t\t<\/div>\n\t\t\t\t\t<\/div>\n\t\t<\/div>\n\t\t\t\t<div class=\"elementor-column elementor-col-25 elementor-top-column elementor-element elementor-element-48e0591a\" data-id=\"48e0591a\" data-element_type=\"column\" data-settings=\"{&quot;background_background&quot;:&quot;classic&quot;}\">\n\t\t\t<div class=\"elementor-widget-wrap elementor-element-populated\">\n\t\t\t\t\t\t<div class=\"elementor-element elementor-element-3b6eb285 elementor-widget elementor-widget-heading\" data-id=\"3b6eb285\" data-element_type=\"widget\" data-widget_type=\"heading.default\">\n\t\t\t\t<div class=\"elementor-widget-container\">\n\t\t\t<h4 class=\"elementor-heading-title elementor-size-default\">escolas<\/h4>\t\t<\/div>\n\t\t\t\t<\/div>\n\t\t\t\t<div class=\"elementor-element elementor-element-594939c0 elementor-widget elementor-widget-text-editor\" data-id=\"594939c0\" data-element_type=\"widget\" data-widget_type=\"text-editor.default\">\n\t\t\t\t<div class=\"elementor-widget-container\">\n\t\t\t\t\t\t\t<p>Oficinas em Escolas dos distritos de Ouro Preto<\/p>\t\t\t\t\t\t<\/div>\n\t\t\t\t<\/div>\n\t\t\t\t<div class=\"elementor-element elementor-element-1f2f7096 elementor-widget elementor-widget-heading\" data-id=\"1f2f7096\" data-element_type=\"widget\" data-widget_type=\"heading.default\">\n\t\t\t\t<div class=\"elementor-widget-container\">\n\t\t\t<h2 class=\"elementor-heading-title elementor-size-default\">\u00e0 definiri<\/h2>\t\t<\/div>\n\t\t\t\t<\/div>\n\t\t\t\t\t<\/div>\n\t\t<\/div>\n\t\t\t\t\t<\/div>\n\t\t<\/section>\n\t\t\t\t<\/div>\n\t\t","protected":false},"excerpt":{"rendered":"<p>PROGRAMA\u00c7\u00c3O 24 a 26 DE MAIO DE 2024 24 DE MAIO DE 2024 17h00 &#8211; Coletiva com Nerso (40 anos) e Gorete (30 anos) 17h30 &#8211; In\u00edcio entrega de ingressos \/ apresenta\u00e7\u00e3o teatro de lambe lambe 18h00 &#8211; Cortejo Maracatrupe 18h20 &#8211; Cortejo desce para Casa da \u00d3pera\u00a0 18h30 &#8211; Abre portaria com apresenta\u00e7\u00e3o do &#8230; <a title=\"Programa\u00e7\u00e3o\" class=\"read-more\" href=\"https:\/\/festivalpopdeteatro.com.br\/ouropreto\/programacao\/\">Read more<span class=\"screen-reader-text\">Programa\u00e7\u00e3o<\/span><\/a><\/p>\n","protected":false},"author":1,"featured_media":0,"parent":0,"menu_order":0,"comment_status":"closed","ping_status":"closed","template":"elementor_canvas","meta":{"footnotes":""},"yoast_head":"<!-- This site is optimized with the Yoast SEO plugin v22.9 - https:\/\/yoast.com\/wordpress\/plugins\/seo\/ -->\n<title>Programa\u00e7\u00e3o - Festival de Teatro de Ouro Preto<\/title>\n<meta name=\"description\" content=\"Confira as atra\u00e7\u00f5es do Festival de Populariza\u00e7\u00e3o do Teatro de Ouro Preto que ser\u00e1 realizado na Casa da \u00d3pera em maio de 2024\" \/>\n<meta name=\"robots\" content=\"index, follow, max-snippet:-1, max-image-preview:large, max-video-preview:-1\" \/>\n<link rel=\"canonical\" href=\"https:\/\/festivalpopdeteatro.com.br\/ouropreto\/programacao\/\" \/>\n<meta property=\"og:locale\" content=\"pt_BR\" \/>\n<meta property=\"og:type\" content=\"article\" \/>\n<meta property=\"og:title\" content=\"Programa\u00e7\u00e3o - Festival de Teatro de Ouro Preto\" \/>\n<meta property=\"og:description\" content=\"Confira as atra\u00e7\u00f5es do Festival de Populariza\u00e7\u00e3o do Teatro de Ouro Preto que ser\u00e1 realizado na Casa da \u00d3pera em maio de 2024\" \/>\n<meta property=\"og:url\" content=\"https:\/\/festivalpopdeteatro.com.br\/ouropreto\/programacao\/\" \/>\n<meta property=\"og:site_name\" content=\"Festival de Teatro de Ouro Preto\" \/>\n<meta property=\"article:modified_time\" content=\"2024-03-24T18:26:39+00:00\" \/>\n<meta property=\"og:image\" content=\"https:\/\/festivalpopdeteatro.com.br\/ouropreto\/wp-content\/uploads\/2024\/03\/logo-festival-pop-teatro-300x247.png\" \/>\n<meta name=\"twitter:card\" content=\"summary_large_image\" \/>\n<meta name=\"twitter:label1\" content=\"Est. tempo de leitura\" \/>\n\t<meta name=\"twitter:data1\" content=\"2 minutos\" \/>\n<script type=\"application\/ld+json\" class=\"yoast-schema-graph\">{\"@context\":\"https:\/\/schema.org\",\"@graph\":[{\"@type\":\"WebPage\",\"@id\":\"https:\/\/festivalpopdeteatro.com.br\/ouropreto\/programacao\/\",\"url\":\"https:\/\/festivalpopdeteatro.com.br\/ouropreto\/programacao\/\",\"name\":\"Programa\u00e7\u00e3o - Festival de Teatro de Ouro Preto\",\"isPartOf\":{\"@id\":\"https:\/\/festivalpopdeteatro.com.br\/ouropreto\/#website\"},\"primaryImageOfPage\":{\"@id\":\"https:\/\/festivalpopdeteatro.com.br\/ouropreto\/programacao\/#primaryimage\"},\"image\":{\"@id\":\"https:\/\/festivalpopdeteatro.com.br\/ouropreto\/programacao\/#primaryimage\"},\"thumbnailUrl\":\"https:\/\/festivalpopdeteatro.com.br\/ouropreto\/wp-content\/uploads\/2024\/03\/logo-festival-pop-teatro-300x247.png\",\"datePublished\":\"2024-03-24T17:55:55+00:00\",\"dateModified\":\"2024-03-24T18:26:39+00:00\",\"description\":\"Confira as atra\u00e7\u00f5es do Festival de Populariza\u00e7\u00e3o do Teatro de Ouro Preto que ser\u00e1 realizado na Casa da \u00d3pera em maio de 2024\",\"breadcrumb\":{\"@id\":\"https:\/\/festivalpopdeteatro.com.br\/ouropreto\/programacao\/#breadcrumb\"},\"inLanguage\":\"pt-BR\",\"potentialAction\":[{\"@type\":\"ReadAction\",\"target\":[\"https:\/\/festivalpopdeteatro.com.br\/ouropreto\/programacao\/\"]}]},{\"@type\":\"ImageObject\",\"inLanguage\":\"pt-BR\",\"@id\":\"https:\/\/festivalpopdeteatro.com.br\/ouropreto\/programacao\/#primaryimage\",\"url\":\"https:\/\/festivalpopdeteatro.com.br\/ouropreto\/wp-content\/uploads\/2024\/03\/logo-festival-pop-teatro.png\",\"contentUrl\":\"https:\/\/festivalpopdeteatro.com.br\/ouropreto\/wp-content\/uploads\/2024\/03\/logo-festival-pop-teatro.png\",\"width\":890,\"height\":733,\"caption\":\"Festival de Populariza\u00e7\u00e3o do Teatro de Ouro Preto\"},{\"@type\":\"BreadcrumbList\",\"@id\":\"https:\/\/festivalpopdeteatro.com.br\/ouropreto\/programacao\/#breadcrumb\",\"itemListElement\":[{\"@type\":\"ListItem\",\"position\":1,\"name\":\"In\u00edcio\",\"item\":\"https:\/\/festivalpopdeteatro.com.br\/ouropreto\/\"},{\"@type\":\"ListItem\",\"position\":2,\"name\":\"Programa\u00e7\u00e3o\"}]},{\"@type\":\"WebSite\",\"@id\":\"https:\/\/festivalpopdeteatro.com.br\/ouropreto\/#website\",\"url\":\"https:\/\/festivalpopdeteatro.com.br\/ouropreto\/\",\"name\":\"Festival de Teatro de Ouro Preto\",\"description\":\"\",\"potentialAction\":[{\"@type\":\"SearchAction\",\"target\":{\"@type\":\"EntryPoint\",\"urlTemplate\":\"https:\/\/festivalpopdeteatro.com.br\/ouropreto\/?s={search_term_string}\"},\"query-input\":\"required name=search_term_string\"}],\"inLanguage\":\"pt-BR\"}]}<\/script>\n<!-- \/ Yoast SEO plugin. -->","yoast_head_json":{"title":"Programa\u00e7\u00e3o - Festival de Teatro de Ouro Preto","description":"Confira as atra\u00e7\u00f5es do Festival de Populariza\u00e7\u00e3o do Teatro de Ouro Preto que ser\u00e1 realizado na Casa da \u00d3pera em maio de 2024","robots":{"index":"index","follow":"follow","max-snippet":"max-snippet:-1","max-image-preview":"max-image-preview:large","max-video-preview":"max-video-preview:-1"},"canonical":"https:\/\/festivalpopdeteatro.com.br\/ouropreto\/programacao\/","og_locale":"pt_BR","og_type":"article","og_title":"Programa\u00e7\u00e3o - Festival de Teatro de Ouro Preto","og_description":"Confira as atra\u00e7\u00f5es do Festival de Populariza\u00e7\u00e3o do Teatro de Ouro Preto que ser\u00e1 realizado na Casa da \u00d3pera em maio de 2024","og_url":"https:\/\/festivalpopdeteatro.com.br\/ouropreto\/programacao\/","og_site_name":"Festival de Teatro de Ouro Preto","article_modified_time":"2024-03-24T18:26:39+00:00","og_image":[{"url":"https:\/\/festivalpopdeteatro.com.br\/ouropreto\/wp-content\/uploads\/2024\/03\/logo-festival-pop-teatro-300x247.png"}],"twitter_card":"summary_large_image","twitter_misc":{"Est. tempo de leitura":"2 minutos"},"schema":{"@context":"https:\/\/schema.org","@graph":[{"@type":"WebPage","@id":"https:\/\/festivalpopdeteatro.com.br\/ouropreto\/programacao\/","url":"https:\/\/festivalpopdeteatro.com.br\/ouropreto\/programacao\/","name":"Programa\u00e7\u00e3o - Festival de Teatro de Ouro Preto","isPartOf":{"@id":"https:\/\/festivalpopdeteatro.com.br\/ouropreto\/#website"},"primaryImageOfPage":{"@id":"https:\/\/festivalpopdeteatro.com.br\/ouropreto\/programacao\/#primaryimage"},"image":{"@id":"https:\/\/festivalpopdeteatro.com.br\/ouropreto\/programacao\/#primaryimage"},"thumbnailUrl":"https:\/\/festivalpopdeteatro.com.br\/ouropreto\/wp-content\/uploads\/2024\/03\/logo-festival-pop-teatro-300x247.png","datePublished":"2024-03-24T17:55:55+00:00","dateModified":"2024-03-24T18:26:39+00:00","description":"Confira as atra\u00e7\u00f5es do Festival de Populariza\u00e7\u00e3o do Teatro de Ouro Preto que ser\u00e1 realizado na Casa da \u00d3pera em maio de 2024","breadcrumb":{"@id":"https:\/\/festivalpopdeteatro.com.br\/ouropreto\/programacao\/#breadcrumb"},"inLanguage":"pt-BR","potentialAction":[{"@type":"ReadAction","target":["https:\/\/festivalpopdeteatro.com.br\/ouropreto\/programacao\/"]}]},{"@type":"ImageObject","inLanguage":"pt-BR","@id":"https:\/\/festivalpopdeteatro.com.br\/ouropreto\/programacao\/#primaryimage","url":"https:\/\/festivalpopdeteatro.com.br\/ouropreto\/wp-content\/uploads\/2024\/03\/logo-festival-pop-teatro.png","contentUrl":"https:\/\/festivalpopdeteatro.com.br\/ouropreto\/wp-content\/uploads\/2024\/03\/logo-festival-pop-teatro.png","width":890,"height":733,"caption":"Festival de Populariza\u00e7\u00e3o do Teatro de Ouro Preto"},{"@type":"BreadcrumbList","@id":"https:\/\/festivalpopdeteatro.com.br\/ouropreto\/programacao\/#breadcrumb","itemListElement":[{"@type":"ListItem","position":1,"name":"In\u00edcio","item":"https:\/\/festivalpopdeteatro.com.br\/ouropreto\/"},{"@type":"ListItem","position":2,"name":"Programa\u00e7\u00e3o"}]},{"@type":"WebSite","@id":"https:\/\/festivalpopdeteatro.com.br\/ouropreto\/#website","url":"https:\/\/festivalpopdeteatro.com.br\/ouropreto\/","name":"Festival de Teatro de Ouro Preto","description":"","potentialAction":[{"@type":"SearchAction","target":{"@type":"EntryPoint","urlTemplate":"https:\/\/festivalpopdeteatro.com.br\/ouropreto\/?s={search_term_string}"},"query-input":"required name=search_term_string"}],"inLanguage":"pt-BR"}]}},"_links":{"self":[{"href":"https:\/\/festivalpopdeteatro.com.br\/ouropreto\/wp-json\/wp\/v2\/pages\/62"}],"collection":[{"href":"https:\/\/festivalpopdeteatro.com.br\/ouropreto\/wp-json\/wp\/v2\/pages"}],"about":[{"href":"https:\/\/festivalpopdeteatro.com.br\/ouropreto\/wp-json\/wp\/v2\/types\/page"}],"author":[{"embeddable":true,"href":"https:\/\/festivalpopdeteatro.com.br\/ouropreto\/wp-json\/wp\/v2\/users\/1"}],"replies":[{"embeddable":true,"href":"https:\/\/festivalpopdeteatro.com.br\/ouropreto\/wp-json\/wp\/v2\/comments?post=62"}],"version-history":[{"count":13,"href":"https:\/\/festivalpopdeteatro.com.br\/ouropreto\/wp-json\/wp\/v2\/pages\/62\/revisions"}],"predecessor-version":[{"id":78,"href":"https:\/\/festivalpopdeteatro.com.br\/ouropreto\/wp-json\/wp\/v2\/pages\/62\/revisions\/78"}],"wp:attachment":[{"href":"https:\/\/festivalpopdeteatro.com.br\/ouropreto\/wp-json\/wp\/v2\/media?parent=62"}],"curies":[{"name":"wp","href":"https:\/\/api.w.org\/{rel}","templated":true}]}}